{"id":3435,"date":"2024-10-10T11:37:06","date_gmt":"2024-10-10T09:37:06","guid":{"rendered":"https:\/\/innovatsioonifond.tehnopol.ee\/parnu\/?page_id=3435"},"modified":"2024-10-10T11:39:53","modified_gmt":"2024-10-10T09:39:53","slug":"privaatsuspoliitika","status":"publish","type":"page","link":"https:\/\/innovatsioonifond.tehnopol.ee\/parnu\/privaatsuspoliitika\/","title":{"rendered":"Privaatsuspoliitika"},"content":{"rendered":"\n<div style=\"height:100px\" aria-hidden=\"true\" class=\"wp-block-spacer\"><\/div>\n\n\n\n<p><strong>ISIKUANDMETE T\u00d6\u00d6TLEMISE TINGIMUSED TEHNOPOLI VEEBILEHEL<\/strong><\/p>\n\n\n\n<p>Kehtiv alates 30.07.2024<\/p>\n\n\n\n<p>K\u00e4esolevad isikuandmete t\u00f6\u00f6tlemise tingimused (edaspidi \u201e<strong>Tingimused<\/strong>\u201c) selgitavad, kuidas kasutab ja kaitseb<strong> Sihtasutus Tallinna Teaduspark TEHNOPOL <\/strong>(registrikood 90008258, aadress M\u00e4ealuse tn 2\/4, 12618 Tallinn; e-postiaadress info@tehnopol.ee; edaspidi \u201e<strong>Tehnopol<\/strong>\u201c v\u00f5i \u201c<strong>meie<\/strong>\u201d) teie isikuandmeid, mis j\u00f5uavad meieni eelk\u00f5ige meie veebilehte (<a href=\"https:\/\/www.tehnopol.ee\">https:\/\/www.tehnopol.ee<\/a>) v\u00f5i selle \u00fcksk\u00f5ik millist alamdomeeni v\u00f5i muud Tehnopoli poolt hallatavat veebilehte kasutades. <strong>Enne veebilehe kasutamist lugege Tingimused hoolikalt l\u00e4bi. Kui te ei n\u00f5ustu Tingimustega, palume teil veebilehe kasutamine l\u00f5petada v\u00f5i meie poolt veebilehel pakutavaid teenuseid mitte tellida. <\/strong>Juhime teie t\u00e4helepanu asjaolule, et meie veebilehel olevad lingid v\u00f5ivad viia teid veebilehtedele, mida reguleerivad konkreetsete teenuspakkujate privaatsustingimused, mitte k\u00e4esolevad Tingimused.&nbsp;<\/p>\n\n\n\n<p>Lisaks sellele, et tagame vastutava t\u00f6\u00f6tlejana isikuandmete t\u00f6\u00f6tlemise vastavalt asjakohastele \u00f5igusaktidele, hoiame konfidentsiaalsena (arvestades v\u00f5imalikke kohalduvaid erandeid) ja turvaliselt k\u00f5iki muid andmeid, mis meile veebileh(t)e(de) kasutamisega teatavaks tehakse.<\/p>\n\n\n\n<p>J\u00e4tame endale \u00f5iguse Tingimuste muutmiseks ja uuendamiseks, ilma sellest ette teatamata, et kindlustada tingimuste vastavus meie tegelikele vajadustele ja eelistustele ning nende vastavus \u00f5igusaktidele ja kehtivatele tavadele.<\/p>\n\n\n\n<p><strong>1. ISIKUANDMETE KOOSSEIS JA ISIKUANDMETE T\u00d6\u00d6TLEMISE EESM\u00c4RGID<\/strong><\/p>\n\n\n\n<p>Tingimustes s\u00e4testatud eesm\u00e4rkide saavutamiseks t\u00f6\u00f6tleme osa v\u00f5i k\u00f5iki j\u00e4rgnevatest isikuandmetest, seejuures on t\u00e4pne t\u00f6\u00f6deldavate isikuandmete koosseis iga juhtumi puhul erinev, kuid l\u00e4htume alati p\u00f5him\u00f5ttest, et t\u00f6\u00f6tleme isikuandmeid nii v\u00e4he kui eesm\u00e4rgi saavutamiseks vajalik:<\/p>\n\n\n\n<ul class=\"wp-block-list\">\n<li>V\u00f5ime t\u00f6\u00f6delda teie isikuandmeid juhul, kui olete oma isikuandmed meile avaldanud meie veebilehel oleva kontaktiv\u00f5tmise ankeedi v\u00f5i e-kirja teel. N\u00e4iteks kui olete meilt k\u00fcsinud teavet m\u00f5ne projekti kohta, t\u00f6\u00f6tleme isikuandmeid, et saaksime teile k\u00fcsitud teavet v\u00f5i pakkumust jms saata. Oma isikuandmete jagamisega annate meile \u00f5iguse koguda, korraldada, kasutada ja hallata privaatsuspoliitikas m\u00e4\u00e4ratletud eesm\u00e4rgil isikuandmeid, mida otse v\u00f5i kaudselt meie veebilehe kaudu meiega jagate. Sellisteks isikuandmeteks v\u00f5ivad olla f\u00fc\u00fcsiliste isikute, sh ka juriidiliste isikutega seotud f\u00fc\u00fcsiliste isikute, n\u00e4iteks esindajate, kontaktisikute, teatud t\u00f6\u00f6tajate jne, nimi, e-posti aadress, telefoninumber, aadress, keele-eelistus, tegevusvaldkond, sotsiaalmeedia, sh LinkedIn profiil, jm teave, mida olete meiega jaganud.<\/li>\n\n\n\n<li>V\u00f5ime t\u00f6\u00f6delda isikuandmeid teie n\u00f5usolekul selleks, et saata teile e-posti teel uudiskirju, reklaami, turundus- ja muud teavet meie tegemiste ning projektide kohta. Eeltoodust v\u00f5ite igal ajal loobuda, kasutades selleks vastavates e-kirjas sisalduvat linki.<\/li>\n\n\n\n<li>Klientide ja potentsiaalsete klientidega suhtlemise k\u00e4igus meile avaldatud isikuandmeid (sh ka juriidiliste isikutega seotud f\u00fc\u00fcsiliste isikute, n\u00e4iteks esindajate, kontaktisikute, teatud t\u00f6\u00f6tajate jne ja f\u00fc\u00fcsiliste isikute nimi, isikukood\/s\u00fcnniaeg, e-posti aadress, telefoninumber, aadress, arveldusarve number) t\u00f6\u00f6tleme eelk\u00f5ige kliendisuhete loomise ja hoidmise eesm\u00e4rgil. Lisaks t\u00f6\u00f6tleme selliseid andmeid oma lepinguliste kohustuste t\u00e4itmise ja \u00f5iguste kaitsmise eesm\u00e4rgil.<\/li>\n\n\n\n<li>Lepingute puhul t\u00f6\u00f6tleme meiega \u00e4risuhetes olevate f\u00fc\u00fcsiliste isikute ja juriidiliste isikutega seotud f\u00fc\u00fcsiliste isikute (n\u00e4iteks esindajate, kontaktisikute, teatud t\u00f6\u00f6tajate jne) nime, e-posti aadressi, telefoninumbrit, isikukoodi\/s\u00fcnnikuup\u00e4ev, arveldusarve number, vajadusel finants- jm teave), mis on lepingu ettevalmistamiseks, s\u00f5lmimiseks ja t\u00e4itmiseks (ja ka \u00f5iguste kaitsmiseks) vajalik. Kuni lepingu s\u00f5lmimiseni t\u00f6\u00f6tleme vastavat teavet lepingu s\u00f5lmimise (kliendisuhte loomise) ja \u00f5iguste kaitsmise eesm\u00e4rgil, alates lepingu s\u00f5lmimisest lepingu t\u00e4itmise ja \u00f5iguste kaitsmise eesm\u00e4rgil. T\u00f6\u00f6tleme isikuandmeid seni, kuni see on eeltoodud eesm\u00e4rkidel vajalik.<\/li>\n\n\n\n<li>Samuti v\u00f5ime teie isikuandmeid t\u00f6\u00f6delda \u00f5igusaktides s\u00e4testatud kohustuste t\u00e4itmiseks, n\u00e4iteks isikuandmete kaitse tagamiseks, isikuandmete s\u00e4ilitamiseks mis tahes ajavahemikul, mis on vajalik seadusest tulenevate kohustuste t\u00e4itmiseks ja muudeks kohalduvatest \u00f5igusaktidest tulenevate kohustuste t\u00e4itmiseks.<\/li>\n<\/ul>\n\n\n\n<p>Lisaks eeltoodule on meil \u00f5igus koguda teie kohta andmeid, mis on k\u00e4ttesaadavad avalikes registrites.<\/p>\n\n\n\n<p>Tehnopoli eesm\u00e4rgiks ei ole koguda eriliigilisi isikuandmeid, kuid need v\u00f5ivad meile teatavaks saada juhuslikult, n\u00e4iteks meile saabunud e-kirja v\u00f5i telefonik\u00f5ne kaudu siis, kui olete neid meile avaldanud.<\/p>\n\n\n\n<p>Me k\u00fcsime alati teie eelnevat selget n\u00f5usolekut isikuandmete t\u00f6\u00f6tlemiseks, kui kasutame neid eesm\u00e4rkidel, mis ei ole Tingimustes v\u00e4lja toodud, kui selline n\u00f5usolek on isikuandmete t\u00f6\u00f6tlemiseks vajalik. Sellise n\u00f5usoleku saate igal ajal tagasi v\u00f5tta.<\/p>\n\n\n\n<p><strong>2. TURVAMEETMED<\/strong><\/p>\n\n\n\n<p>T\u00f6\u00f6tleme isikuandmeid \u00fcksnes \u00f5igusliku aluse olemasolul ning \u00fcksnes \u00f5igusp\u00e4rastel eesm\u00e4rkidel. Kasutame turvameetmeid ja s\u00e4ilitame isikuandmeid selliselt, et tagatud on isikuandmete turvalisus ja konfidentsiaalsus. Isikuandmetele p\u00e4\u00e4sevad ligi \u00fcksnes isikud, kelle jaoks see on vajalik seonduvalt t\u00f6\u00f6\u00fclesannete t\u00e4itmisega v\u00f5i kellele isikuandmete avaldamine on koosk\u00f5las Tingimuste v\u00f5i \u00f5igusaktidega. K\u00f5ik meie t\u00f6\u00f6tajad on seotud konfidentsiaalsuskohustusega.<\/p>\n\n\n\n<p>Me ei vastuta teie isikuandmete sellise v\u00e4\u00e4rkasutuse eest, mis on tingitud teie arvuti v\u00f5i muu seadme pahavarast.<\/p>\n\n\n\n<p><strong>3. VASTUTAV JA VOLITATUD ANDMETE T\u00d6\u00d6TLEJA<\/strong><\/p>\n\n\n\n<p>Isikuandmetele v\u00f5ivad ligi p\u00e4\u00e4seda v\u00f5i v\u00f5ime neid edastada teistele Tehnopoliga seotud ettev\u00f5tetele. Tagame, et isikuandmete t\u00f6\u00f6tlemisel j\u00e4rgivad k\u00f5ik seotud osapooled kehtivatest \u00f5igusaktidest tulenevaid isikuandmete t\u00f6\u00f6tlemise reegleid.<\/p>\n\n\n\n<p>Meie poolt hallatavate projektide raames v\u00f5ime edastada isikuandmeid meie koost\u00f6\u00f6partneritele, kellega olema s\u00f5lminud vastavad andmet\u00f6\u00f6tluslepingud, et tagada isikuandmete t\u00f6\u00f6tlemine vastavalt kehtivatele \u00f5igusaktidele.<\/p>\n\n\n\n<p>Meie poolt korraldatavate \u00fcrituste puhul v\u00f5ime kasutada piletite m\u00fc\u00fcmiseks v\u00f5i registreerimiseks kolmandatest isikutest teenuspakkujaid. Sellisel juhul on andmete vastutavaks t\u00f6\u00f6tlejaks pileteid m\u00fc\u00fcv v\u00f5i registreeriv teenuspakkuja ning Tehnopol on \u00fcksnes andmete volitatud t\u00f6\u00f6tleja.<\/p>\n\n\n\n<p>Tellime kolmandatelt isikutelt teenuseid, sh nt reklaami-, turundus-, raamatupidamis-, audiitor-, \u00f5igus-, makse-, domeeni-, isikutuvastus-, digiallkirja jms teenuseid. See loetelu on ajas t\u00e4ienev ja muutuv. Meil on \u00f5igus avaldada ja edastada isikuandmeid ilma teie eelneva n\u00f5usolekuta meie nimel ja asjakohaste andmet\u00f6\u00f6tluslepingute alusel tegutsevatele volitatud t\u00f6\u00f6tlejatele, samuti selleks, et t\u00e4ita \u00f5igusaktidest tulenevaid kohustusi. Oma \u00f5iguste kaitsmiseks on meil \u00f5igus avaldada isikuandmeid kolmandatele isikutele, sealhulgas juriidilistele n\u00f5ustajatele, audiitoritele jne.<\/p>\n\n\n\n<p><strong>4. KUSTUTAMINE JA S\u00c4ILITAMINE<\/strong><\/p>\n\n\n\n<p>Me s\u00e4ilitame isikuandmeid ainult seni, kuni see on vajalik Tingimustes kirjeldatud eesm\u00e4rkide saavutamiseks, meie \u00f5iguste kaitsmiseks v\u00f5i \u00f5igusaktidest tulenevate kohustuste t\u00e4itmiseks.<\/p>\n\n\n\n<p>Isikuandmeid s\u00e4ilitatakse \u00fcldjuhul kuni kolm (3) aastat alates kliendisuhte l\u00f5ppemisest, v\u00e4lja arvatud kliendiga s\u00f5lmitud lepingu t\u00e4itmisega (sh v\u00f5lgnevustega) seonduvad isikuandmed, mida v\u00f5idakse s\u00e4ilitatada kuni k\u00fcmme (10) aastat kliendisuhte l\u00f5ppemisest. Eeltoodud perioodide m\u00f6\u00f6dumisel kustutatakse vastavad isikuandmed, v\u00e4lja arvatud juhul, kui isikuandmete t\u00f6\u00f6tlemine on asjaoludest tulenevalt vajalik meie \u00f5igustatud huvide kaitseks, nt meievaheliste lepinguliste v\u00f5i muude vaidluste korral (sh v\u00e4ltava vaidluse t\u00f5ttu). Samuti on meil \u00f5igus eelnimetatud perioodide j\u00e4rgselt muuta isikuandmed anon\u00fc\u00fcmseks, st t\u00f6\u00f6delda isikuandmeid selliselt, et andmed ei ole enam k\u00e4sitletavad isikuandmetena.<\/p>\n\n\n\n<p>Raamatupidamis- ja muude n\u00f5uete t\u00e4itmiseks s\u00e4ilitame raamatupidamise algdokumente seitse (7) aastat alates tehingu toimumise aasta 31. detsembrist.<\/p>\n\n\n\n<p>N\u00f5usoleku alusel v\u00f5ime t\u00f6\u00f6delda isikuandmeid seni, kuni olete n\u00f5usoleku tagasi v\u00f5tnud.<\/p>\n\n\n\n<p>Hoolimata kliendisuhte l\u00f5ppemisest v\u00f5ime kliendi eelneval n\u00f5usolekul t\u00f6\u00f6delda kasutaja isikuandmeid otseturustuseks seni kuni kasutaja ei ole n\u00f5usolekut tagasi v\u00f5tnud. Kui isik keelab otseturustuse (v\u00f5tab n\u00f5usoleku tagasi) ja t\u00f6\u00f6tlemiseks puudub muu \u00f5iguslik alus, siis s\u00e4ilitatakse vajalikus ulatuses teave keelu kohta, et tagada otseturustusteadete saatmise keelu t\u00e4itmine.<\/p>\n\n\n\n<p><strong>5. ANDMETE T\u00d6\u00d6TLEMISE KOHT<\/strong><\/p>\n\n\n\n<p>Teie andmete t\u00f6\u00f6tlemise p\u00f5hikoht on Euroopa Liidus. Samuti v\u00f5ime Teie isikuandmeid edastada riikidesse, mis on saanud Euroopa Komisjonilt andmekaitse taseme piisavuse otsuse, n\u00e4iteks Kanada ja USA (ainult erasektor), millisel juhul ei ole meil vaja eriluba (GDPR artikkel 45 lg 1).&nbsp;<\/p>\n\n\n\n<p><strong>6. K\u00dcPSISED<\/strong><\/p>\n\n\n\n<p>K\u00fcpsised on tekstifailides s\u00e4ilitatavad v\u00e4ikesed andmefragmendid, mis salvestatakse teie arvutisse v\u00f5i muusse seadmesse, kui veebilehitseja veebilehte laeb. Meie k\u00fcpsisepoliitikaga saate l\u00e4hemalt tutvuda <a href=\"https:\/\/innovatsioonifond.tehnopol.ee\/parnu\/wp-content\/uploads\/2024\/10\/innovatsioonifond.tehnopol.ee_kupsisepoliitika_21-06-24_Parnu.pdf\" target=\"_blank\" rel=\"noreferrer noopener\">SIIN.<\/a><\/p>\n\n\n\n<p><strong>7. TEIE \u00d5IGUSED<\/strong><\/p>\n\n\n\n<p>V\u00f5ite igal ajal k\u00fcsida meilt teavet oma isikuandmete t\u00f6\u00f6tlemise kohta. Vastavalt kehtivatele \u00f5igusaktidele on v\u00f5i v\u00f5ib teil olla \u00f5igus:<\/p>\n\n\n\n<ul class=\"wp-block-list\">\n<li>taotleda oma isikuandmete kustutamist;<\/li>\n\n\n\n<li>taotleda oma isikuandmete parandamist;<\/li>\n\n\n\n<li>taotleda oma isikuandmete t\u00f6\u00f6tlemise piiramist, kuid sellisel juhul ei pruugi te saada meie veebilehte ja teenust t\u00e4iel m\u00e4\u00e4ral kasutada;<\/li>\n\n\n\n<li>vaidlustada oma isikuandmete kasutamist;<\/li>\n\n\n\n<li>\u00f5igus saada enda isikuandmeid struktureeritud, \u00fcldkasutatavas vormingus ja masinloetaval kujul ning edastada need andmed teisele vastutavale t\u00f6\u00f6tlejale.<\/li>\n<\/ul>\n\n\n\n<p>Kui t\u00f6\u00f6tleme isikuandmeid n\u00f5usoleku alusel, v\u00f5ite n\u00f5usoleku igal ajal tagasi v\u00f5tta, millisel juhul l\u00f5petatakse isikuandmete t\u00f6\u00f6tlemine. See ei m\u00f5juta varasemalt tehtud t\u00f6\u00f6tlemistoiminguid.<\/p>\n\n\n\n<p>Reageerime p\u00e4ringutele v\u00f5imalikult kiiresti, v\u00f5ttes arvesse \u00f5igusaktidest tulenevaid t\u00e4htaegasid.<\/p>\n\n\n\n<p><strong>8. P\u00c4RINGUD JA KAEBUSED<\/strong><\/p>\n\n\n\n<p>Isikuandmete t\u00f6\u00f6tlemisega seonduvate k\u00fcsimuste v\u00f5i kaebuste korral p\u00f6\u00f6rduge palun meie (Sihtasutus Tallinna Teaduspark TEHNOPOL, aadress M\u00e4ealuse tn 2\/4, 12618 Tallinn, info@tehnopol.ee v\u00f5i Andmekaitse Inspektsiooni (info@aki.ee; +372 627 4135) poole.<\/p>\n\n\n\n<p><a id=\"_msocom_1\"><\/a><\/p>\n","protected":false},"excerpt":{"rendered":"<p>ISIKUANDMETE T\u00d6\u00d6TLEMISE TINGIMUSED TEHNOPOLI VEEBILEHEL Kehtiv alates 30.07.2024 K\u00e4esolevad isikuandmete t\u00f6\u00f6tlemise tingimused (edaspidi \u201eTingimused\u201c) selgitavad, kuidas kasutab ja kaitseb Sihtasutus Tallinna Teaduspark TEHNOPOL (registrikood 90008258, aadress M\u00e4ealuse tn 2\/4, 12618 Tallinn; e-postiaadress info@tehnopol.ee; edaspidi \u201eTehnopol\u201c v\u00f5i \u201cmeie\u201d) teie isikuandmeid, mis j\u00f5uavad meieni eelk\u00f5ige meie veebilehte (https:\/\/www.tehnopol.ee) v\u00f5i selle \u00fcksk\u00f5ik millist alamdomeeni v\u00f5i muud Tehnopoli poolt [&hellip;]<\/p>\n","protected":false},"author":2,"featured_media":0,"parent":0,"menu_order":0,"comment_status":"closed","ping_status":"closed","template":"","meta":{"_acf_changed":false,"footnotes":""},"class_list":["post-3435","page","type-page","status-publish","hentry"],"acf":[],"_links":{"self":[{"href":"https:\/\/innovatsioonifond.tehnopol.ee\/parnu\/wp-json\/wp\/v2\/pages\/3435","targetHints":{"allow":["GET"]}}],"collection":[{"href":"https:\/\/innovatsioonifond.tehnopol.ee\/parnu\/wp-json\/wp\/v2\/pages"}],"about":[{"href":"https:\/\/innovatsioonifond.tehnopol.ee\/parnu\/wp-json\/wp\/v2\/types\/page"}],"author":[{"embeddable":true,"href":"https:\/\/innovatsioonifond.tehnopol.ee\/parnu\/wp-json\/wp\/v2\/users\/2"}],"replies":[{"embeddable":true,"href":"https:\/\/innovatsioonifond.tehnopol.ee\/parnu\/wp-json\/wp\/v2\/comments?post=3435"}],"version-history":[{"count":3,"href":"https:\/\/innovatsioonifond.tehnopol.ee\/parnu\/wp-json\/wp\/v2\/pages\/3435\/revisions"}],"predecessor-version":[{"id":3440,"href":"https:\/\/innovatsioonifond.tehnopol.ee\/parnu\/wp-json\/wp\/v2\/pages\/3435\/revisions\/3440"}],"wp:attachment":[{"href":"https:\/\/innovatsioonifond.tehnopol.ee\/parnu\/wp-json\/wp\/v2\/media?parent=3435"}],"curies":[{"name":"wp","href":"https:\/\/api.w.org\/{rel}","templated":true}]}}